{"id":3188,"date":"2026-04-03T16:32:23","date_gmt":"2026-04-03T08:32:23","guid":{"rendered":"https:\/\/modern-park-rides.com\/?post_type=product&#038;p=3188"},"modified":"2026-04-03T16:32:23","modified_gmt":"2026-04-03T08:32:23","slug":"32-seats-pirate-ship-ride","status":"publish","type":"product","link":"https:\/\/modern-park-rides.com\/fr\/produit\/32-seats-pirate-ship-ride\/","title":{"rendered":"Man\u00e8ge de bateau pirate de 32 places \u00e0 vendre"},"content":{"rendered":"<p>Load: 4 people * 8 rows<br \/>\nLand area: 11.5*8.5m<br \/>\nEquipment height: 9m<br \/>\nSwing angle: 55\u00b0<br \/>\nVoltage: 380V-50Hz<br \/>\nSafety distance: 16&#215;9.5 meters<br \/>\nTotal power: 24KW<br \/>\nCrew: 32 people<br \/>\nTotal weight: 9t<br \/>\nFence: 13*7 meters<\/p>","protected":false},"excerpt":{"rendered":"<p>Charge : 4 personnes * 8 rang\u00e9es Superficie au sol : 11,5 * 8,5 m Hauteur de l'\u00e9quipement : 9 m Angle de balancement : 55\u00b0 Tension : 380 V-50 Hz Distance de s\u00e9curit\u00e9 : 16 \u00d7 9,5 m Puissance totale : 24 kW Capacit\u00e9 : 32 personnes Poids total : 9 t Cl\u00f4ture : 13 * 7 m<\/p>","protected":false},"featured_media":0,"template":"","meta":{"_acf_changed":false,"_gspb_post_css":""},"product_brand":[],"product_cat":[57],"product_tag":[],"class_list":{"0":"post-3188","1":"product","2":"type-product","3":"status-publish","5":"product_cat-pirate-ship-ride","7":"first","8":"instock","9":"shipping-taxable","10":"product-type-simple"},"acf":[],"yoast_head":"<!-- This site is optimized with the Yoast SEO plugin v27.3 - https:\/\/yoast.com\/product\/yoast-seo-wordpress\/ -->\n<title>32 Seats Pirate Ship Ride | High-Thrill Family Attraction<\/title>\n<meta name=\"description\" content=\"32 seats pirate ship ride with 55\u00b0 swing and 24kW power, suitable for large family and medium-scale theme park projects.\" \/>\n<meta name=\"robots\" content=\"index, follow, max-snippet:-1, max-image-preview:large, max-video-preview:-1\" \/>\n<link rel=\"canonical\" href=\"https:\/\/modern-park-rides.com\/fr\/produit\/32-seats-pirate-ship-ride\/\" \/>\n<meta property=\"og:locale\" content=\"fr_FR\" \/>\n<meta property=\"og:type\" content=\"article\" \/>\n<meta property=\"og:title\" content=\"32 Seats Pirate Ship Ride | High-Thrill Family Attraction\" \/>\n<meta property=\"og:description\" content=\"32 seats pirate ship ride with 55\u00b0 swing and 24kW power, suitable for large family and medium-scale theme park projects.\" \/>\n<meta property=\"og:url\" content=\"https:\/\/modern-park-rides.com\/fr\/produit\/32-seats-pirate-ship-ride\/\" \/>\n<meta property=\"og:site_name\" content=\"MODERN\" \/>\n<meta name=\"twitter:card\" content=\"summary_large_image\" \/>\n<meta name=\"twitter:label1\" content=\"Dur\u00e9e de lecture estim\u00e9e\" \/>\n\t<meta name=\"twitter:data1\" content=\"1 minute\" \/>\n<script type=\"application\/ld+json\" class=\"yoast-schema-graph\">{\"@context\":\"https:\\\/\\\/schema.org\",\"@graph\":[{\"@type\":\"WebPage\",\"@id\":\"https:\\\/\\\/modern-park-rides.com\\\/product\\\/32-seats-pirate-ship-ride\\\/\",\"url\":\"https:\\\/\\\/modern-park-rides.com\\\/product\\\/32-seats-pirate-ship-ride\\\/\",\"name\":\"32 Seats Pirate Ship Ride | High-Thrill Family Attraction\",\"isPartOf\":{\"@id\":\"https:\\\/\\\/modern-park-rides.com\\\/#website\"},\"datePublished\":\"2026-04-03T08:32:23+00:00\",\"description\":\"32 seats pirate ship ride with 55\u00b0 swing and 24kW power, suitable for large family and medium-scale theme park projects.\",\"breadcrumb\":{\"@id\":\"https:\\\/\\\/modern-park-rides.com\\\/product\\\/32-seats-pirate-ship-ride\\\/#breadcrumb\"},\"inLanguage\":\"fr-FR\",\"potentialAction\":[{\"@type\":\"ReadAction\",\"target\":[\"https:\\\/\\\/modern-park-rides.com\\\/product\\\/32-seats-pirate-ship-ride\\\/\"]}]},{\"@type\":\"BreadcrumbList\",\"@id\":\"https:\\\/\\\/modern-park-rides.com\\\/product\\\/32-seats-pirate-ship-ride\\\/#breadcrumb\",\"itemListElement\":[{\"@type\":\"ListItem\",\"position\":1,\"name\":\"\u9996\u9875\",\"item\":\"https:\\\/\\\/modern-park-rides.com\\\/\"},{\"@type\":\"ListItem\",\"position\":2,\"name\":\"Products\",\"item\":\"https:\\\/\\\/modern-park-rides.com\\\/products\\\/\"},{\"@type\":\"ListItem\",\"position\":3,\"name\":\"32 Seats Pirate Ship Ride For Sale\"}]},{\"@type\":\"WebSite\",\"@id\":\"https:\\\/\\\/modern-park-rides.com\\\/#website\",\"url\":\"https:\\\/\\\/modern-park-rides.com\\\/\",\"name\":\"MODERN\",\"description\":\"MODERN\",\"publisher\":{\"@id\":\"https:\\\/\\\/modern-park-rides.com\\\/#organization\"},\"potentialAction\":[{\"@type\":\"SearchAction\",\"target\":{\"@type\":\"EntryPoint\",\"urlTemplate\":\"https:\\\/\\\/modern-park-rides.com\\\/?s={search_term_string}\"},\"query-input\":{\"@type\":\"PropertyValueSpecification\",\"valueRequired\":true,\"valueName\":\"search_term_string\"}}],\"inLanguage\":\"fr-FR\"},{\"@type\":\"Organization\",\"@id\":\"https:\\\/\\\/modern-park-rides.com\\\/#organization\",\"name\":\"MODERN\",\"url\":\"https:\\\/\\\/modern-park-rides.com\\\/\",\"logo\":{\"@type\":\"ImageObject\",\"inLanguage\":\"fr-FR\",\"@id\":\"https:\\\/\\\/modern-park-rides.com\\\/#\\\/schema\\\/logo\\\/image\\\/\",\"url\":\"https:\\\/\\\/modern-park-rides.com\\\/wp-content\\\/uploads\\\/2026\\\/03\\\/logo2-scaled.png\",\"contentUrl\":\"https:\\\/\\\/modern-park-rides.com\\\/wp-content\\\/uploads\\\/2026\\\/03\\\/logo2-scaled.png\",\"width\":2560,\"height\":325,\"caption\":\"MODERN\"},\"image\":{\"@id\":\"https:\\\/\\\/modern-park-rides.com\\\/#\\\/schema\\\/logo\\\/image\\\/\"}}]}<\/script>\n<!-- \/ Yoast SEO plugin. -->","yoast_head_json":{"title":"32 Seats Pirate Ship Ride | High-Thrill Family Attraction","description":"32 seats pirate ship ride with 55\u00b0 swing and 24kW power, suitable for large family and medium-scale theme park projects.","robots":{"index":"index","follow":"follow","max-snippet":"max-snippet:-1","max-image-preview":"max-image-preview:large","max-video-preview":"max-video-preview:-1"},"canonical":"https:\/\/modern-park-rides.com\/fr\/produit\/32-seats-pirate-ship-ride\/","og_locale":"fr_FR","og_type":"article","og_title":"32 Seats Pirate Ship Ride | High-Thrill Family Attraction","og_description":"32 seats pirate ship ride with 55\u00b0 swing and 24kW power, suitable for large family and medium-scale theme park projects.","og_url":"https:\/\/modern-park-rides.com\/fr\/produit\/32-seats-pirate-ship-ride\/","og_site_name":"MODERN","twitter_card":"summary_large_image","twitter_misc":{"Dur\u00e9e de lecture estim\u00e9e":"1 minute"},"schema":{"@context":"https:\/\/schema.org","@graph":[{"@type":"WebPage","@id":"https:\/\/modern-park-rides.com\/product\/32-seats-pirate-ship-ride\/","url":"https:\/\/modern-park-rides.com\/product\/32-seats-pirate-ship-ride\/","name":"32 Seats Pirate Ship Ride | High-Thrill Family Attraction","isPartOf":{"@id":"https:\/\/modern-park-rides.com\/#website"},"datePublished":"2026-04-03T08:32:23+00:00","description":"32 seats pirate ship ride with 55\u00b0 swing and 24kW power, suitable for large family and medium-scale theme park projects.","breadcrumb":{"@id":"https:\/\/modern-park-rides.com\/product\/32-seats-pirate-ship-ride\/#breadcrumb"},"inLanguage":"fr-FR","potentialAction":[{"@type":"ReadAction","target":["https:\/\/modern-park-rides.com\/product\/32-seats-pirate-ship-ride\/"]}]},{"@type":"BreadcrumbList","@id":"https:\/\/modern-park-rides.com\/product\/32-seats-pirate-ship-ride\/#breadcrumb","itemListElement":[{"@type":"ListItem","position":1,"name":"\u9996\u9875","item":"https:\/\/modern-park-rides.com\/"},{"@type":"ListItem","position":2,"name":"Products","item":"https:\/\/modern-park-rides.com\/products\/"},{"@type":"ListItem","position":3,"name":"32 Seats Pirate Ship Ride For Sale"}]},{"@type":"WebSite","@id":"https:\/\/modern-park-rides.com\/#website","url":"https:\/\/modern-park-rides.com\/","name":"MODERN","description":"MODERN","publisher":{"@id":"https:\/\/modern-park-rides.com\/#organization"},"potentialAction":[{"@type":"SearchAction","target":{"@type":"EntryPoint","urlTemplate":"https:\/\/modern-park-rides.com\/?s={search_term_string}"},"query-input":{"@type":"PropertyValueSpecification","valueRequired":true,"valueName":"search_term_string"}}],"inLanguage":"fr-FR"},{"@type":"Organization","@id":"https:\/\/modern-park-rides.com\/#organization","name":"MODERN","url":"https:\/\/modern-park-rides.com\/","logo":{"@type":"ImageObject","inLanguage":"fr-FR","@id":"https:\/\/modern-park-rides.com\/#\/schema\/logo\/image\/","url":"https:\/\/modern-park-rides.com\/wp-content\/uploads\/2026\/03\/logo2-scaled.png","contentUrl":"https:\/\/modern-park-rides.com\/wp-content\/uploads\/2026\/03\/logo2-scaled.png","width":2560,"height":325,"caption":"MODERN"},"image":{"@id":"https:\/\/modern-park-rides.com\/#\/schema\/logo\/image\/"}}]}},"_links":{"self":[{"href":"https:\/\/modern-park-rides.com\/fr\/wp-json\/wp\/v2\/product\/3188","targetHints":{"allow":["GET"]}}],"collection":[{"href":"https:\/\/modern-park-rides.com\/fr\/wp-json\/wp\/v2\/product"}],"about":[{"href":"https:\/\/modern-park-rides.com\/fr\/wp-json\/wp\/v2\/types\/product"}],"wp:attachment":[{"href":"https:\/\/modern-park-rides.com\/fr\/wp-json\/wp\/v2\/media?parent=3188"}],"wp:term":[{"taxonomy":"product_brand","embeddable":true,"href":"https:\/\/modern-park-rides.com\/fr\/wp-json\/wp\/v2\/product_brand?post=3188"},{"taxonomy":"product_cat","embeddable":true,"href":"https:\/\/modern-park-rides.com\/fr\/wp-json\/wp\/v2\/product_cat?post=3188"},{"taxonomy":"product_tag","embeddable":true,"href":"https:\/\/modern-park-rides.com\/fr\/wp-json\/wp\/v2\/product_tag?post=3188"}],"curies":[{"name":"wp","href":"https:\/\/api.w.org\/{rel}","templated":true}]}}